{"id":1830,"date":"2024-02-27T12:13:17","date_gmt":"2024-02-27T11:13:17","guid":{"rendered":"https:\/\/www.wedding-diaries.de\/contact\/"},"modified":"2026-01-18T15:54:51","modified_gmt":"2026-01-18T14:54:51","slug":"contact","status":"publish","type":"page","link":"https:\/\/www.wedding-diaries.de\/de\/contact\/","title":{"rendered":"KONTAKT"},"content":{"rendered":"\t\t<div data-elementor-type=\"wp-page\" data-elementor-id=\"1830\" class=\"elementor elementor-1830 elementor-11\">\n\t\t\t\t<div class=\"elementor-element elementor-element-78ed993 e-flex e-con-boxed e-con e-parent\" data-id=\"78ed993\" data-element_type=\"container\" data-e-type=\"container\">\n\t\t\t\t\t<div class=\"e-con-inner\">\n\t\t\t\t<div class=\"elementor-element elementor-element-de603d6 elementor-hidden-mobile elementor-widget elementor-widget-video\" data-id=\"de603d6\" data-element_type=\"widget\" data-e-type=\"widget\" data-settings=\"{&quot;video_type&quot;:&quot;hosted&quot;,&quot;autoplay&quot;:&quot;yes&quot;,&quot;play_on_mobile&quot;:&quot;yes&quot;,&quot;mute&quot;:&quot;yes&quot;,&quot;loop&quot;:&quot;yes&quot;}\" data-widget_type=\"video.default\">\n\t\t\t\t<div class=\"elementor-widget-container\">\n\t\t\t\t\t\t\t<div class=\"e-hosted-video elementor-wrapper elementor-open-inline\">\n\t\t\t\t\t<video class=\"elementor-video\" src=\"http:\/\/wedding-diaries.de\/wp-content\/uploads\/2025\/10\/Website-Banner-Wedding-schmal.mp4\" autoplay=\"\" loop=\"\" muted=\"muted\" playsinline=\"\" controlsList=\"nodownload\"><\/video>\n\t\t\t\t<\/div>\n\t\t\t\t\t\t<\/div>\n\t\t\t\t<\/div>\n\t\t\t\t<div class=\"elementor-element elementor-element-2e93e02 elementor-hidden-desktop elementor-hidden-tablet elementor-widget elementor-widget-video\" data-id=\"2e93e02\" data-element_type=\"widget\" data-e-type=\"widget\" data-settings=\"{&quot;video_type&quot;:&quot;hosted&quot;,&quot;autoplay&quot;:&quot;yes&quot;,&quot;play_on_mobile&quot;:&quot;yes&quot;,&quot;mute&quot;:&quot;yes&quot;,&quot;loop&quot;:&quot;yes&quot;}\" data-widget_type=\"video.default\">\n\t\t\t\t<div class=\"elementor-widget-container\">\n\t\t\t\t\t\t\t<div class=\"e-hosted-video elementor-wrapper elementor-open-inline\">\n\t\t\t\t\t<video class=\"elementor-video\" src=\"http:\/\/wedding-diaries.de\/wp-content\/uploads\/2025\/10\/Website-Banner-Wedding-Portrait-schmal.mp4\" autoplay=\"\" loop=\"\" muted=\"muted\" playsinline=\"\" controlsList=\"nodownload\"><\/video>\n\t\t\t\t<\/div>\n\t\t\t\t\t\t<\/div>\n\t\t\t\t<\/div>\n\t\t\t\t\t<\/div>\n\t\t\t\t<\/div>\n\t\t<div class=\"elementor-element elementor-element-24a1e91 e-flex e-con-boxed e-con e-parent\" data-id=\"24a1e91\" data-element_type=\"container\" data-e-type=\"container\">\n\t\t\t\t\t<div class=\"e-con-inner\">\n\t\t\t\t<div class=\"elementor-element elementor-element-af71671 elementor-hidden-desktop elementor-hidden-tablet elementor-widget elementor-widget-spacer\" data-id=\"af71671\" data-element_type=\"widget\" data-e-type=\"widget\" data-widget_type=\"spacer.default\">\n\t\t\t\t<div class=\"elementor-widget-container\">\n\t\t\t\t\t\t\t<div class=\"elementor-spacer\">\n\t\t\t<div class=\"elementor-spacer-inner\"><\/div>\n\t\t<\/div>\n\t\t\t\t\t\t<\/div>\n\t\t\t\t<\/div>\n\t\t\t\t\t<\/div>\n\t\t\t\t<\/div>\n\t\t<div class=\"elementor-element elementor-element-fc7d082 e-con-full e-flex e-con e-parent\" data-id=\"fc7d082\" data-element_type=\"container\" data-e-type=\"container\" data-settings=\"{&quot;background_background&quot;:&quot;classic&quot;}\">\n\t\t\t\t<div class=\"elementor-element elementor-element-3434150 elementor-widget__width-inherit elementor-hidden-mobile elementor-widget elementor-widget-heading\" data-id=\"3434150\" data-element_type=\"widget\" data-e-type=\"widget\" data-widget_type=\"heading.default\">\n\t\t\t\t<div class=\"elementor-widget-container\">\n\t\t\t\t\t<h2 class=\"elementor-heading-title elementor-size-default\">Let\u2019s Begin Your Story!<\/h2>\t\t\t\t<\/div>\n\t\t\t\t<\/div>\n\t\t\t\t<div class=\"elementor-element elementor-element-cbd3926 elementor-widget__width-inherit elementor-hidden-desktop elementor-hidden-tablet elementor-widget elementor-widget-heading\" data-id=\"cbd3926\" data-element_type=\"widget\" data-e-type=\"widget\" data-widget_type=\"heading.default\">\n\t\t\t\t<div class=\"elementor-widget-container\">\n\t\t\t\t\t<h2 class=\"elementor-heading-title elementor-size-default\">Let\u2019s Begin Your Story!<\/h2>\t\t\t\t<\/div>\n\t\t\t\t<\/div>\n\t\t\t\t<\/div>\n\t\t<div class=\"elementor-element elementor-element-cdd9ad0 e-con-full e-flex e-con e-parent\" data-id=\"cdd9ad0\" data-element_type=\"container\" data-e-type=\"container\">\n\t\t\t\t<div class=\"elementor-element elementor-element-25c2a0c elementor-widget__width-inherit elementor-widget elementor-widget-text-editor\" data-id=\"25c2a0c\" data-element_type=\"widget\" data-e-type=\"widget\" data-widget_type=\"text-editor.default\">\n\t\t\t\t<div class=\"elementor-widget-container\">\n\t\t\t\t\t\t\t\t\t<p data-start=\"215\" data-end=\"456\">Wir freuen uns darauf, alles \u00fcber eure Hochzeitspl\u00e4ne zu erfahren!<br data-start=\"269\" data-end=\"272\">Unabh\u00e4ngig davon, ob ihr euch eine komplette Hochzeitsbegleitung \u00fcber das Wochenende w\u00fcnscht oder nur euren besonderen Tag \u2013 wir freuen uns eure einzigartigen Momente festzuhalten. <br><br>Wir werden uns innerhalb von 48 Stunden bei euch melden. <\/p><p data-start=\"458\" data-end=\"604\">Falls ihr bis dahin keine Antwort von uns erhaltet, schaut bitte in euren Spam-Ordner oder schreibt uns direkt \u00fcber iMessage\/WhatsApp unter +49 1575 40 59 550.<\/p><p data-start=\"606\" data-end=\"696\">Hochzeitsplaner k\u00f6nnen uns gerne unter <a href=\"mailto:wedding-diaries@outlook.com\"><strong data-start=\"662\" data-end=\"693\">wedding-diaries@outlook.com<\/strong><\/a> kontaktieren.<\/p>\t\t\t\t\t\t\t\t<\/div>\n\t\t\t\t<\/div>\n\t\t\t\t<\/div>\n\t\t<div class=\"elementor-element elementor-element-9f28117 e-flex e-con-boxed e-con e-parent\" data-id=\"9f28117\" data-element_type=\"container\" data-e-type=\"container\" data-settings=\"{&quot;background_background&quot;:&quot;classic&quot;}\">\n\t\t\t\t\t<div class=\"e-con-inner\">\n\t\t\t\t<div class=\"elementor-element elementor-element-032342f elementor-hidden-mobile elementor-widget elementor-widget-image\" data-id=\"032342f\" data-element_type=\"widget\" data-e-type=\"widget\" data-widget_type=\"image.default\">\n\t\t\t\t<div class=\"elementor-widget-container\">\n\t\t\t\t\t\t\t\t\t\t\t\t\t\t\t<img fetchpriority=\"high\" decoding=\"async\" width=\"683\" height=\"1024\" src=\"https:\/\/www.wedding-diaries.de\/wp-content\/uploads\/2025\/10\/4-Gallery-683x1024.jpg\" class=\"attachment-large size-large wp-image-1608\" alt=\"4 Gallery\" srcset=\"https:\/\/www.wedding-diaries.de\/wp-content\/uploads\/2025\/10\/4-Gallery-683x1024.jpg 683w, https:\/\/www.wedding-diaries.de\/wp-content\/uploads\/2025\/10\/4-Gallery-200x300.jpg 200w, https:\/\/www.wedding-diaries.de\/wp-content\/uploads\/2025\/10\/4-Gallery-768x1152.jpg 768w, https:\/\/www.wedding-diaries.de\/wp-content\/uploads\/2025\/10\/4-Gallery-1024x1536.jpg 1024w, https:\/\/www.wedding-diaries.de\/wp-content\/uploads\/2025\/10\/4-Gallery-1365x2048.jpg 1365w, https:\/\/www.wedding-diaries.de\/wp-content\/uploads\/2025\/10\/4-Gallery-scaled.jpg 1707w\" sizes=\"(max-width: 683px) 100vw, 683px\" \/>\t\t\t\t\t\t\t\t\t\t\t\t\t\t\t<\/div>\n\t\t\t\t<\/div>\n\t\t\t\t<div class=\"elementor-element elementor-element-47e7934 elementor-hidden-desktop elementor-hidden-tablet elementor-widget elementor-widget-image\" data-id=\"47e7934\" data-element_type=\"widget\" data-e-type=\"widget\" data-widget_type=\"image.default\">\n\t\t\t\t<div class=\"elementor-widget-container\">\n\t\t\t\t\t\t\t\t\t\t\t\t\t\t\t<img fetchpriority=\"high\" decoding=\"async\" width=\"683\" height=\"1024\" src=\"https:\/\/www.wedding-diaries.de\/wp-content\/uploads\/2025\/10\/4-Gallery-683x1024.jpg\" class=\"attachment-large size-large wp-image-1608\" alt=\"4 Gallery\" srcset=\"https:\/\/www.wedding-diaries.de\/wp-content\/uploads\/2025\/10\/4-Gallery-683x1024.jpg 683w, https:\/\/www.wedding-diaries.de\/wp-content\/uploads\/2025\/10\/4-Gallery-200x300.jpg 200w, https:\/\/www.wedding-diaries.de\/wp-content\/uploads\/2025\/10\/4-Gallery-768x1152.jpg 768w, https:\/\/www.wedding-diaries.de\/wp-content\/uploads\/2025\/10\/4-Gallery-1024x1536.jpg 1024w, https:\/\/www.wedding-diaries.de\/wp-content\/uploads\/2025\/10\/4-Gallery-1365x2048.jpg 1365w, https:\/\/www.wedding-diaries.de\/wp-content\/uploads\/2025\/10\/4-Gallery-scaled.jpg 1707w\" sizes=\"(max-width: 683px) 100vw, 683px\" \/>\t\t\t\t\t\t\t\t\t\t\t\t\t\t\t<\/div>\n\t\t\t\t<\/div>\n\t\t\t\t\t<\/div>\n\t\t\t\t<\/div>\n\t\t<div class=\"elementor-element elementor-element-7182531 e-flex e-con-boxed e-con e-parent\" data-id=\"7182531\" data-element_type=\"container\" data-e-type=\"container\">\n\t\t\t\t\t<div class=\"e-con-inner\">\n\t\t\t\t<div class=\"elementor-element elementor-element-b301493 elementor-widget elementor-widget-spacer\" data-id=\"b301493\" data-element_type=\"widget\" data-e-type=\"widget\" data-widget_type=\"spacer.default\">\n\t\t\t\t<div class=\"elementor-widget-container\">\n\t\t\t\t\t\t\t<div class=\"elementor-spacer\">\n\t\t\t<div class=\"elementor-spacer-inner\"><\/div>\n\t\t<\/div>\n\t\t\t\t\t\t<\/div>\n\t\t\t\t<\/div>\n\t\t\t\t\t<\/div>\n\t\t\t\t<\/div>\n\t\t<div class=\"elementor-element elementor-element-0143c22 e-flex e-con-boxed e-con e-parent\" data-id=\"0143c22\" data-element_type=\"container\" data-e-type=\"container\" data-settings=\"{&quot;background_background&quot;:&quot;classic&quot;}\">\n\t\t\t\t\t<div class=\"e-con-inner\">\n\t\t\t\t<div class=\"elementor-element elementor-element-b71fb81 elementor-widget__width-inherit elementor-widget elementor-widget-heading\" data-id=\"b71fb81\" data-element_type=\"widget\" data-e-type=\"widget\" data-widget_type=\"heading.default\">\n\t\t\t\t<div class=\"elementor-widget-container\">\n\t\t\t\t\t<h2 class=\"elementor-heading-title elementor-size-default\">ENQUIRE TODAY<\/h2>\t\t\t\t<\/div>\n\t\t\t\t<\/div>\n\t\t\t\t\t<\/div>\n\t\t\t\t<\/div>\n\t\t<div class=\"elementor-element elementor-element-06224a0 e-con-full e-flex e-con e-parent\" data-id=\"06224a0\" data-element_type=\"container\" data-e-type=\"container\" data-settings=\"{&quot;background_background&quot;:&quot;classic&quot;}\">\n\t\t\t\t<div class=\"elementor-element elementor-element-34455ca elementor-widget__width-inherit elementor-widget elementor-widget-heading\" data-id=\"34455ca\" data-element_type=\"widget\" data-e-type=\"widget\" data-widget_type=\"heading.default\">\n\t\t\t\t<div class=\"elementor-widget-container\">\n\t\t\t\t\t<h2 class=\"elementor-heading-title elementor-size-default\">Wir sind Cari &amp; Hannes \u2013 ein Foto- und Videoteam, das sich auf authentische, filmreife Hochzeitsreportagen spezialisiert hat. Da wir eng mit jedem Paar zusammenarbeiten und nur ausgew\u00e4hlte Hochzeiten pro Jahr annehmen, sind wir die Richtigen f\u00fcr alle, die Wert auf Qualit\u00e4t und Kunstfertigkeit legen und keine Standardpakete suchen. Ein besonders wichtiger Aspekt unserer Arbeit ist, dass ihr euch bei uns rundum wohlf\u00fchlt. Deshalb lernen wir unsere Paare gerne pers\u00f6nlich kennen, um sicherzustellen, dass die Chemie auf beiden Seiten stimmt.  <\/h2>\t\t\t\t<\/div>\n\t\t\t\t<\/div>\n\t\t\t\t<\/div>\n\t\t<div class=\"elementor-element elementor-element-6537f55 e-flex e-con-boxed e-con e-parent\" data-id=\"6537f55\" data-element_type=\"container\" data-e-type=\"container\">\n\t\t\t\t\t<div class=\"e-con-inner\">\n\t\t<div class=\"elementor-element elementor-element-cbd3be2 e-con-full e-flex e-con e-child\" data-id=\"cbd3be2\" data-element_type=\"container\" data-e-type=\"container\">\n\t\t\t\t<div class=\"elementor-element elementor-element-b27e70f elementor-widget__width-initial elementor-widget elementor-widget-wpforms\" data-id=\"b27e70f\" data-element_type=\"widget\" data-e-type=\"widget\" data-widget_type=\"wpforms.default\">\n\t\t\t\t<div class=\"elementor-widget-container\">\n\t\t\t\t\t<style id=\"wpforms-css-vars-elementor-widget-b27e70f\">\n\t\t\t\t.elementor-widget-wpforms.elementor-element-b27e70f {\n\t\t\t\t--wpforms-field-border-color: #000000;\n--wpforms-field-border-color-spare: #000000;\n--wpforms-field-text-color: #444444;\n--wpforms-button-background-color: #000000;\n--wpforms-field-background-color: #FFFFFF;\n--wpforms-label-color: #000000;\n--wpforms-label-sublabel-color: #000000;\n--wpforms-label-error-color: #B60000;\n--wpforms-button-border-style: solid;\n--wpforms-button-border-color: #cccccc;\n--wpforms-button-text-color: #FFFFFF;\n--wpforms-page-break-color: #dddddd;\n--wpforms-field-size-input-height: 31px;\n--wpforms-field-size-input-spacing: 10px;\n--wpforms-field-size-font-size: 14px;\n--wpforms-field-size-line-height: 17px;\n--wpforms-field-size-padding-h: 9px;\n--wpforms-field-size-checkbox-size: 14px;\n--wpforms-field-size-sublabel-spacing: 5px;\n--wpforms-field-size-icon-size: 0.75;\n--wpforms-label-size-font-size: 14px;\n--wpforms-label-size-line-height: 17px;\n--wpforms-label-size-sublabel-font-size: 13px;\n--wpforms-label-size-sublabel-line-height: 16px;\n\n\t\t\t}\n\t\t\t<\/style><div class=\"wpforms-container wpforms-container-full wpforms-render-modern\" id=\"wpforms-266\"><form id=\"wpforms-form-266\" class=\"wpforms-validate wpforms-form wpforms-ajax-form\" data-formid=\"266\" method=\"post\" enctype=\"multipart\/form-data\" action=\"\/de\/wp-json\/wp\/v2\/pages\/1830\" data-token=\"86ac6f449f6c45297104568cc1e21c04\" data-token-time=\"1777802516\"><noscript class=\"wpforms-error-noscript\">Bitte aktiviere JavaScript in deinem Browser, um dieses Formular fertigzustellen.<\/noscript><div class=\"wpforms-hidden\" id=\"wpforms-error-noscript\">Bitte aktiviere JavaScript in deinem Browser, um dieses Formular fertigzustellen.<\/div><div class=\"wpforms-field-container\"><div id=\"wpforms-266-field_14-container\" class=\"wpforms-field wpforms-field-name\" data-field-id=\"14\"><fieldset><legend class=\"wpforms-field-label\">Name <span class=\"wpforms-required-label\" aria-hidden=\"true\">*<\/span><\/legend><div class=\"wpforms-field-row wpforms-field-medium\"><div class=\"wpforms-field-row-block wpforms-first wpforms-one-half\"><input type=\"text\" id=\"wpforms-266-field_14\" class=\"wpforms-field-name-first wpforms-field-required\" name=\"wpforms[fields][14][first]\" placeholder=\"First Name\" aria-errormessage=\"wpforms-266-field_14-error\" required><label for=\"wpforms-266-field_14\" class=\"wpforms-field-sublabel after wpforms-sublabel-hide\">First<\/label><\/div><div class=\"wpforms-field-row-block wpforms-one-half\"><input type=\"text\" id=\"wpforms-266-field_14-last\" class=\"wpforms-field-name-last wpforms-field-required\" name=\"wpforms[fields][14][last]\" placeholder=\"Last Name\" aria-errormessage=\"wpforms-266-field_14-last-error\" required><label for=\"wpforms-266-field_14-last\" class=\"wpforms-field-sublabel after wpforms-sublabel-hide\">Last<\/label><\/div><\/div><\/fieldset><\/div><div id=\"wpforms-266-field_2-container\" class=\"wpforms-field wpforms-field-email\" data-field-id=\"2\"><label class=\"wpforms-field-label\" for=\"wpforms-266-field_2\">E-Mail Adress <span class=\"wpforms-required-label\" aria-hidden=\"true\">*<\/span><\/label><input type=\"email\" id=\"wpforms-266-field_2\" class=\"wpforms-field-medium wpforms-field-required\" name=\"wpforms[fields][2]\" spellcheck=\"false\" aria-errormessage=\"wpforms-266-field_2-error\" required><\/div><div id=\"wpforms-266-field_15-container\" class=\"wpforms-field wpforms-field-text\" data-field-id=\"15\"><label class=\"wpforms-field-label\" for=\"wpforms-266-field_15\">Phone Number (incl. country code) <span class=\"wpforms-required-label\" aria-hidden=\"true\">*<\/span><\/label><input type=\"text\" id=\"wpforms-266-field_15\" class=\"wpforms-field-medium wpforms-field-required\" name=\"wpforms[fields][15]\" aria-errormessage=\"wpforms-266-field_15-error\" required><\/div><div id=\"wpforms-266-field_9-container\" class=\"wpforms-field wpforms-field-text\" data-field-id=\"9\"><label class=\"wpforms-field-label\" for=\"wpforms-266-field_9\">Wedding Date <span class=\"wpforms-required-label\" aria-hidden=\"true\">*<\/span><\/label><input type=\"text\" id=\"wpforms-266-field_9\" class=\"wpforms-field-medium wpforms-field-required\" name=\"wpforms[fields][9]\" aria-errormessage=\"wpforms-266-field_9-error\" required><\/div><div id=\"wpforms-266-field_10-container\" class=\"wpforms-field wpforms-field-text\" data-field-id=\"10\"><label class=\"wpforms-field-label\" for=\"wpforms-266-field_10\">Wedding Location <span class=\"wpforms-required-label\" aria-hidden=\"true\">*<\/span><\/label><input type=\"text\" id=\"wpforms-266-field_10\" class=\"wpforms-field-medium wpforms-field-required\" name=\"wpforms[fields][10]\" aria-errormessage=\"wpforms-266-field_10-error\" aria-describedby=\"wpforms-266-field_10-description\" required><div id=\"wpforms-266-field_10-description\" class=\"wpforms-field-description\">Where are you planning to get married?<\/div><\/div><div id=\"wpforms-266-field_17-container\" class=\"wpforms-field wpforms-field-select wpforms-field-select-style-classic\" data-field-id=\"17\"><label class=\"wpforms-field-label\" for=\"wpforms-266-field_17\">What type of coverage are you interested in?<\/label><select id=\"wpforms-266-field_17\" class=\"wpforms-field-medium\" name=\"wpforms[fields][17]\"><option value=\"Photography Collection (Captured by two artists)\" >Photography Collection (Captured by two artists)<\/option><option value=\"Photo &amp; Film Collection (Captured by two artists)\" >Photo &amp; Film Collection (Captured by two artists)<\/option><\/select><\/div><div id=\"wpforms-266-field_11-container\" class=\"wpforms-field wpforms-field-checkbox\" data-field-id=\"11\"><fieldset><legend class=\"wpforms-field-label\">How did you find us?<\/legend><ul id=\"wpforms-266-field_11\"><li class=\"choice-1 depth-1\"><input type=\"checkbox\" id=\"wpforms-266-field_11_1\" name=\"wpforms[fields][11][]\" value=\"Instagram\" aria-errormessage=\"wpforms-266-field_11_1-error\"  ><label class=\"wpforms-field-label-inline\" for=\"wpforms-266-field_11_1\">Instagram<\/label><\/li><li class=\"choice-2 depth-1\"><input type=\"checkbox\" id=\"wpforms-266-field_11_2\" name=\"wpforms[fields][11][]\" value=\"wedding planner\" aria-errormessage=\"wpforms-266-field_11_2-error\"  ><label class=\"wpforms-field-label-inline\" for=\"wpforms-266-field_11_2\">wedding planner<\/label><\/li><li class=\"choice-3 depth-1\"><input type=\"checkbox\" id=\"wpforms-266-field_11_3\" name=\"wpforms[fields][11][]\" value=\"recommendation\" aria-errormessage=\"wpforms-266-field_11_3-error\"  ><label class=\"wpforms-field-label-inline\" for=\"wpforms-266-field_11_3\">recommendation<\/label><\/li><li class=\"choice-4 depth-1\"><input type=\"checkbox\" id=\"wpforms-266-field_11_4\" name=\"wpforms[fields][11][]\" value=\"google\" aria-errormessage=\"wpforms-266-field_11_4-error\"  ><label class=\"wpforms-field-label-inline\" for=\"wpforms-266-field_11_4\">google<\/label><\/li><li class=\"choice-5 depth-1\"><input type=\"checkbox\" id=\"wpforms-266-field_11_5\" name=\"wpforms[fields][11][]\" value=\"wedding blog\" aria-errormessage=\"wpforms-266-field_11_5-error\"  ><label class=\"wpforms-field-label-inline\" for=\"wpforms-266-field_11_5\">wedding blog<\/label><\/li><\/ul><\/fieldset><\/div><div id=\"wpforms-266-field_13-container\" class=\"wpforms-field wpforms-field-text\" data-field-id=\"13\"><label class=\"wpforms-field-label\" for=\"wpforms-266-field_13\">Insta Handles (if applies)<\/label><input type=\"text\" id=\"wpforms-266-field_13\" class=\"wpforms-field-medium\" name=\"wpforms[fields][13]\" aria-errormessage=\"wpforms-266-field_13-error\" aria-describedby=\"wpforms-266-field_13-description\" ><div id=\"wpforms-266-field_13-description\" class=\"wpforms-field-description\">Let's connect @weddingdiarieseurope<\/div><\/div><div id=\"wpforms-266-field_3-container\" class=\"wpforms-field wpforms-field-textarea\" data-field-id=\"3\"><label class=\"wpforms-field-label wpforms-label-hide\" for=\"wpforms-266-field_3\" aria-hidden=\"false\">Tell us more about your wedding plans <span class=\"wpforms-required-label\" aria-hidden=\"true\">*<\/span><\/label><textarea id=\"wpforms-266-field_3\" class=\"wpforms-field-medium wpforms-field-required\" name=\"wpforms[fields][3]\" placeholder=\"Your message\" aria-errormessage=\"wpforms-266-field_3-error\" required><\/textarea><\/div><\/div><!-- .wpforms-field-container --><div class=\"wpforms-submit-container\" ><input type=\"hidden\" name=\"wpforms[id]\" value=\"266\"><input type=\"hidden\" name=\"page_title\" value=\"\"><input type=\"hidden\" name=\"page_url\" value=\"https:\/\/www.wedding-diaries.de\/de\/wp-json\/wp\/v2\/pages\/1830\"><input type=\"hidden\" name=\"url_referer\" value=\"\"><button type=\"submit\" name=\"wpforms[submit]\" id=\"wpforms-submit-266\" class=\"wpforms-submit\" data-alt-text=\"Submitting\" data-submit-text=\"Send\" aria-live=\"assertive\" value=\"wpforms-submit\">Send<\/button><img decoding=\"async\" src=\"https:\/\/www.wedding-diaries.de\/wp-content\/plugins\/wpforms-lite\/assets\/images\/submit-spin.svg\" class=\"wpforms-submit-spinner\" style=\"display: none;\" width=\"26\" height=\"26\" alt=\"Wird geladen\"><\/div><\/form><\/div>  <!-- .wpforms-container -->\t\t\t\t<\/div>\n\t\t\t\t<\/div>\n\t\t\t\t<\/div>\n\t\t\t\t\t<\/div>\n\t\t\t\t<\/div>\n\t\t<div class=\"elementor-element elementor-element-b39d9ae e-flex e-con-boxed e-con e-parent\" data-id=\"b39d9ae\" data-element_type=\"container\" data-e-type=\"container\">\n\t\t\t\t\t<div class=\"e-con-inner\">\n\t\t\t\t<div class=\"elementor-element elementor-element-4df4640 elementor-widget-divider--view-line elementor-widget elementor-widget-divider\" data-id=\"4df4640\" data-element_type=\"widget\" data-e-type=\"widget\" data-widget_type=\"divider.default\">\n\t\t\t\t<div class=\"elementor-widget-container\">\n\t\t\t\t\t\t\t<div class=\"elementor-divider\">\n\t\t\t<span class=\"elementor-divider-separator\">\n\t\t\t\t\t\t<\/span>\n\t\t<\/div>\n\t\t\t\t\t\t<\/div>\n\t\t\t\t<\/div>\n\t\t\t\t\t<\/div>\n\t\t\t\t<\/div>\n\t\t\t\t<\/div>\n\t\t","protected":false},"excerpt":{"rendered":"<p>http:\/\/wedding-diaries.de\/wp-content\/uploads\/2025\/10\/Website-Banner-Wedding-schmal.mp4http:\/\/wedding-diaries.de\/wp-content\/uploads\/2025\/10\/Website-Banner-Wedding-Portrait-schmal.mp4 Let\u2019s Begin Your Story! Let\u2019s Begin Your Story! Wir freuen uns darauf, alles \u00fcber eure Hochzeitspl\u00e4ne zu erfahren!Unabh\u00e4ngig davon, ob ihr euch eine komplette Hochzeitsbegleitung \u00fcber das Wochenende w\u00fcnscht oder nur euren besonderen Tag \u2013 wir freuen uns eure einzigartigen Momente festzuhalten. Wir werden uns innerhalb von 48 Stunden bei euch melden. Falls ihr [&hellip;]<\/p>\n","protected":false},"author":1,"featured_media":0,"parent":0,"menu_order":0,"comment_status":"closed","ping_status":"closed","template":"","meta":{"ocean_post_layout":"","ocean_both_sidebars_style":"","ocean_both_sidebars_content_width":0,"ocean_both_sidebars_sidebars_width":0,"ocean_sidebar":"","ocean_second_sidebar":"","ocean_disable_margins":"enable","ocean_add_body_class":"","ocean_shortcode_before_top_bar":"","ocean_shortcode_after_top_bar":"","ocean_shortcode_before_header":"","ocean_shortcode_after_header":"","ocean_has_shortcode":"","ocean_shortcode_after_title":"","ocean_shortcode_before_footer_widgets":"","ocean_shortcode_after_footer_widgets":"","ocean_shortcode_before_footer_bottom":"","ocean_shortcode_after_footer_bottom":"","ocean_display_top_bar":"default","ocean_display_header":"default","ocean_header_style":"","ocean_center_header_left_menu":"","ocean_custom_header_template":"","ocean_custom_logo":0,"ocean_custom_retina_logo":0,"ocean_custom_logo_max_width":0,"ocean_custom_logo_tablet_max_width":0,"ocean_custom_logo_mobile_max_width":0,"ocean_custom_logo_max_height":0,"ocean_custom_logo_tablet_max_height":0,"ocean_custom_logo_mobile_max_height":0,"ocean_header_custom_menu":"","ocean_menu_typo_font_family":"","ocean_menu_typo_font_subset":"","ocean_menu_typo_font_size":0,"ocean_menu_typo_font_size_tablet":0,"ocean_menu_typo_font_size_mobile":0,"ocean_menu_typo_font_size_unit":"px","ocean_menu_typo_font_weight":"","ocean_menu_typo_font_weight_tablet":"","ocean_menu_typo_font_weight_mobile":"","ocean_menu_typo_transform":"","ocean_menu_typo_transform_tablet":"","ocean_menu_typo_transform_mobile":"","ocean_menu_typo_line_height":0,"ocean_menu_typo_line_height_tablet":0,"ocean_menu_typo_line_height_mobile":0,"ocean_menu_typo_line_height_unit":"","ocean_menu_typo_spacing":0,"ocean_menu_typo_spacing_tablet":0,"ocean_menu_typo_spacing_mobile":0,"ocean_menu_typo_spacing_unit":"","ocean_menu_link_color":"","ocean_menu_link_color_hover":"","ocean_menu_link_color_active":"","ocean_menu_link_background":"","ocean_menu_link_hover_background":"","ocean_menu_link_active_background":"","ocean_menu_social_links_bg":"","ocean_menu_social_hover_links_bg":"","ocean_menu_social_links_color":"","ocean_menu_social_hover_links_color":"","ocean_disable_title":"default","ocean_disable_heading":"default","ocean_post_title":"","ocean_post_subheading":"","ocean_post_title_style":"","ocean_post_title_background_color":"","ocean_post_title_background":0,"ocean_post_title_bg_image_position":"","ocean_post_title_bg_image_attachment":"","ocean_post_title_bg_image_repeat":"","ocean_post_title_bg_image_size":"","ocean_post_title_height":0,"ocean_post_title_bg_overlay":0.5,"ocean_post_title_bg_overlay_color":"","ocean_disable_breadcrumbs":"default","ocean_breadcrumbs_color":"","ocean_breadcrumbs_separator_color":"","ocean_breadcrumbs_links_color":"","ocean_breadcrumbs_links_hover_color":"","ocean_display_footer_widgets":"default","ocean_display_footer_bottom":"default","ocean_custom_footer_template":"","footnotes":""},"class_list":["post-1830","page","type-page","status-publish","hentry","entry"],"_links":{"self":[{"href":"https:\/\/www.wedding-diaries.de\/de\/wp-json\/wp\/v2\/pages\/1830","targetHints":{"allow":["GET"]}}],"collection":[{"href":"https:\/\/www.wedding-diaries.de\/de\/wp-json\/wp\/v2\/pages"}],"about":[{"href":"https:\/\/www.wedding-diaries.de\/de\/wp-json\/wp\/v2\/types\/page"}],"author":[{"embeddable":true,"href":"https:\/\/www.wedding-diaries.de\/de\/wp-json\/wp\/v2\/users\/1"}],"replies":[{"embeddable":true,"href":"https:\/\/www.wedding-diaries.de\/de\/wp-json\/wp\/v2\/comments?post=1830"}],"version-history":[{"count":10,"href":"https:\/\/www.wedding-diaries.de\/de\/wp-json\/wp\/v2\/pages\/1830\/revisions"}],"predecessor-version":[{"id":1975,"href":"https:\/\/www.wedding-diaries.de\/de\/wp-json\/wp\/v2\/pages\/1830\/revisions\/1975"}],"wp:attachment":[{"href":"https:\/\/www.wedding-diaries.de\/de\/wp-json\/wp\/v2\/media?parent=1830"}],"curies":[{"name":"wp","href":"https:\/\/api.w.org\/{rel}","templated":true}]}}