{"id":1604,"date":"2024-02-27T12:15:44","date_gmt":"2024-02-27T11:15:44","guid":{"rendered":"https:\/\/wedding-diaries.de\/about\/"},"modified":"2026-01-08T21:50:15","modified_gmt":"2026-01-08T20:50:15","slug":"about","status":"publish","type":"page","link":"https:\/\/www.wedding-diaries.de\/de\/about\/","title":{"rendered":"ABOUT"},"content":{"rendered":"\t\t<div data-elementor-type=\"wp-page\" data-elementor-id=\"1604\" class=\"elementor elementor-1604 elementor-17\">\n\t\t\t\t<div class=\"elementor-element elementor-element-cd8fe9e e-flex e-con-boxed e-con e-parent\" data-id=\"cd8fe9e\" data-element_type=\"container\" data-e-type=\"container\">\n\t\t\t\t\t<div class=\"e-con-inner\">\n\t\t\t\t<div class=\"elementor-element elementor-element-bbb9019 elementor-widget__width-inherit elementor-widget elementor-widget-heading\" data-id=\"bbb9019\" data-element_type=\"widget\" data-e-type=\"widget\" data-widget_type=\"heading.default\">\n\t\t\t\t<div class=\"elementor-widget-container\">\n\t\t\t\t\t<h2 class=\"elementor-heading-title elementor-size-default\">ABOUT US\n\n\n\n<\/h2>\t\t\t\t<\/div>\n\t\t\t\t<\/div>\n\t\t\t\t\t<\/div>\n\t\t\t\t<\/div>\n\t\t<div class=\"elementor-element elementor-element-a1aeb44 e-flex e-con-boxed e-con e-parent\" data-id=\"a1aeb44\" data-element_type=\"container\" data-e-type=\"container\">\n\t\t\t\t\t<div class=\"e-con-inner\">\n\t\t<div class=\"elementor-element elementor-element-92a86c6 e-con-full e-flex e-con e-child\" data-id=\"92a86c6\" data-element_type=\"container\" data-e-type=\"container\">\n\t\t\t\t<div class=\"elementor-element elementor-element-299f24e elementor-widget elementor-widget-image\" data-id=\"299f24e\" data-element_type=\"widget\" data-e-type=\"widget\" data-widget_type=\"image.default\">\n\t\t\t\t<div class=\"elementor-widget-container\">\n\t\t\t\t\t\t\t\t\t\t\t\t\t\t\t<img fetchpriority=\"high\" decoding=\"async\" width=\"1707\" height=\"2560\" src=\"https:\/\/www.wedding-diaries.de\/wp-content\/uploads\/2025\/10\/MK304766bright-scaled.jpg\" class=\"attachment-full size-full wp-image-1598\" alt=\"\u00dcber uns: Cari und Hannes\" srcset=\"https:\/\/www.wedding-diaries.de\/wp-content\/uploads\/2025\/10\/MK304766bright-scaled.jpg 1707w, https:\/\/www.wedding-diaries.de\/wp-content\/uploads\/2025\/10\/MK304766bright-200x300.jpg 200w, https:\/\/www.wedding-diaries.de\/wp-content\/uploads\/2025\/10\/MK304766bright-683x1024.jpg 683w, https:\/\/www.wedding-diaries.de\/wp-content\/uploads\/2025\/10\/MK304766bright-768x1152.jpg 768w, https:\/\/www.wedding-diaries.de\/wp-content\/uploads\/2025\/10\/MK304766bright-1024x1536.jpg 1024w, https:\/\/www.wedding-diaries.de\/wp-content\/uploads\/2025\/10\/MK304766bright-1365x2048.jpg 1365w\" sizes=\"(max-width: 1707px) 100vw, 1707px\" \/>\t\t\t\t\t\t\t\t\t\t\t\t\t\t\t<\/div>\n\t\t\t\t<\/div>\n\t\t\t\t<\/div>\n\t\t<div class=\"elementor-element elementor-element-fadfee7 e-con-full e-flex e-con e-child\" data-id=\"fadfee7\" data-element_type=\"container\" data-e-type=\"container\">\n\t\t\t\t<div class=\"elementor-element elementor-element-eeed606 elementor-widget__width-inherit elementor-widget elementor-widget-text-editor\" data-id=\"eeed606\" data-element_type=\"widget\" data-e-type=\"widget\" data-widget_type=\"text-editor.default\">\n\t\t\t\t<div class=\"elementor-widget-container\">\n\t\t\t\t\t\t\t\t\t<p data-start=\"270\" data-end=\"566\"><strong>MOMENTS IN THE GLOW OF YOUR LOVED ONES<\/strong><\/p><p data-start=\"270\" data-end=\"566\">In warmes Licht getaucht, umgeben von euren Liebsten \u2013 an einem Ort, der sich ganz nach euch anf\u00fchlt.<br>Das sind die Momente, die wir f\u00fcr euch festhalten. Jeder Blick, jedes Lachen, jede stille Sekunde wird Teil eurer ganz eigenen Geschichte und bewahrt die besondere Stimmung dieses Tages. <\/p><p data-start=\"270\" data-end=\"566\"><strong>A PASSION THAT CREATES SYNERGIES<\/strong><\/p><p data-start=\"568\" data-end=\"1116\">Neben pers\u00f6nlichen Geschichten sind wir auch erfahrene Commercial-Filmemacher.<br>Wir arbeiten vor und hinter der Kamera f\u00fcr bekannte Marken wie Hilton, Alltours oder moderne Fashion-Labels. Diese Erfahrung gibt uns ein tiefes Verst\u00e4ndnis f\u00fcr die technischen und kreativen Aspekte jeder Situation.<br>Wir wissen genau, wie wir euch auf nat\u00fcrliche Weise anleiten k\u00f6nnen \u2013 schlie\u00dflich stehen wir selbst regelm\u00e4\u00dfig vor der Kamera. Am wichtigsten ist uns dabei euer Wohlbefinden: Wir schaffen eine entspannte, authentische Atmosph\u00e4re, in der ihr einfach ihr selbst sein k\u00f6nnt, sodass jeder Moment ganz von selbst und wundersch\u00f6n entsteht.   <\/p>\t\t\t\t\t\t\t\t<\/div>\n\t\t\t\t<\/div>\n\t\t\t\t<\/div>\n\t\t\t\t\t<\/div>\n\t\t\t\t<\/div>\n\t\t<div class=\"elementor-element elementor-element-0e30834 e-flex e-con-boxed e-con e-parent\" data-id=\"0e30834\" data-element_type=\"container\" data-e-type=\"container\">\n\t\t\t\t\t<div class=\"e-con-inner\">\n\t\t\t\t<div class=\"elementor-element elementor-element-542e235 elementor-widget-divider--view-line elementor-widget elementor-widget-divider\" data-id=\"542e235\" data-element_type=\"widget\" data-e-type=\"widget\" data-widget_type=\"divider.default\">\n\t\t\t\t<div class=\"elementor-widget-container\">\n\t\t\t\t\t\t\t<div class=\"elementor-divider\">\n\t\t\t<span class=\"elementor-divider-separator\">\n\t\t\t\t\t\t<\/span>\n\t\t<\/div>\n\t\t\t\t\t\t<\/div>\n\t\t\t\t<\/div>\n\t\t\t\t\t<\/div>\n\t\t\t\t<\/div>\n\t\t<div class=\"elementor-element elementor-element-c1b822b e-flex e-con-boxed e-con e-parent\" data-id=\"c1b822b\" data-element_type=\"container\" data-e-type=\"container\">\n\t\t\t\t\t<div class=\"e-con-inner\">\n\t\t\t\t<div class=\"elementor-element elementor-element-e3947ac elementor-widget__width-inherit elementor-widget elementor-widget-text-editor\" data-id=\"e3947ac\" data-element_type=\"widget\" data-e-type=\"widget\" data-widget_type=\"text-editor.default\">\n\t\t\t\t<div class=\"elementor-widget-container\">\n\t\t\t\t\t\t\t\t\t<p data-start=\"270\" data-end=\"566\"><strong>THINGS THAT WE LOVE <\/strong><\/p><p data-start=\"270\" data-end=\"566\"><strong>GETTING TO KNOW US BEHIND THE CAMERA <\/strong><\/p><p data-start=\"270\" data-end=\"566\"><em data-start=\"174\" data-end=\"197\">Citizens of the World<\/em><\/p><p data-start=\"270\" data-end=\"566\">Wir sind Weltentdecker. Schon einmal sind wir auf einer Weltreise um den Globus gereist. Wir lieben es, in unterschiedliche Kulturen einzutauchen, Menschen kennenzulernen und die Geschichten zu entdecken, die jeden Ort einzigartig machen. <\/p><p data-start=\"270\" data-end=\"566\"><em data-start=\"123\" data-end=\"156\">Love that began in Italy<\/em><\/p><p data-start=\"270\" data-end=\"566\">Wir haben uns am Lago Maggiore in Italien kennengelernt und sind seit 2013 ein Paar \u2013 inzwischen gl\u00fccklich verheiratet.<\/p><p data-start=\"270\" data-end=\"566\"><em data-start=\"123\" data-end=\"156\">The Spirit of the Mediterranean<\/em><\/p><p data-start=\"270\" data-end=\"566\">Das Lebensgef\u00fchl der Mittelmeerl\u00e4nder, Sonnenauf- und -unterg\u00e4nge am Meer und barfu\u00df Momente.<\/p><p data-start=\"270\" data-end=\"566\"><em data-start=\"89\" data-end=\"111\">Moments Without Time<\/em><\/p><p data-start=\"270\" data-end=\"566\">Wir lieben die Ruhe der Natur genauso wie den Puls der Stadt. Einen Moment innezuhalten, durchzuatmen und das Leben einfach zu genie\u00dfen, l\u00e4sst uns wirklich lebendig f\u00fchlen.<\/p><p data-start=\"270\" data-end=\"566\"><em data-start=\"81\" data-end=\"102\">Freundschaft und Familie<\/em><\/p><p data-start=\"270\" data-end=\"566\">Wir sch\u00e4tzen echte Verbindungen \u00fcber alles \u2013 Lachen teilen, tiefe Gespr\u00e4che f\u00fchren und bedeutungsvolle Momente mit Freunden und Familie erleben. F\u00fcr uns sind diese Bindungen das Herzst\u00fcck des Lebens und der Liebe.<\/p><p data-start=\"270\" data-end=\"566\"><em data-start=\"298\" data-end=\"315\">Children of God<\/em><\/p><p data-start=\"270\" data-end=\"566\">Wir versuchen, mit Liebe, Freundlichkeit und Integrit\u00e4t zu leben \u2013 dem Pfad des Guten und Wahren zu folgen, geleitet von Glauben und dem Wunsch, in jedem Moment das Richtige zu tun.<\/p>\t\t\t\t\t\t\t\t<\/div>\n\t\t\t\t<\/div>\n\t\t\t\t\t<\/div>\n\t\t\t\t<\/div>\n\t\t<div class=\"elementor-element elementor-element-9a7c81d e-con-full elementor-hidden-mobile e-flex e-con e-parent\" data-id=\"9a7c81d\" data-element_type=\"container\" data-e-type=\"container\" data-settings=\"{&quot;background_background&quot;:&quot;classic&quot;}\">\n\t\t\t\t<div class=\"elementor-element elementor-element-ba6308c elementor-widget__width-initial elementor-widget-mobile__width-initial elementor-widget elementor-widget-text-editor\" data-id=\"ba6308c\" data-element_type=\"widget\" data-e-type=\"widget\" data-widget_type=\"text-editor.default\">\n\t\t\t\t<div class=\"elementor-widget-container\">\n\t\t\t\t\t\t\t\t\t<p>We captured wedding stories that feel real, timeless, and full of emotion.<\/p><p>IS IT A MATCH? <\/p>\t\t\t\t\t\t\t\t<\/div>\n\t\t\t\t<\/div>\n\t\t\t\t<div class=\"elementor-element elementor-element-e545272 elementor-align-center elementor-widget__width-initial elementor-widget-mobile__width-initial elementor-widget elementor-widget-button\" data-id=\"e545272\" data-element_type=\"widget\" data-e-type=\"widget\" data-widget_type=\"button.default\">\n\t\t\t\t<div class=\"elementor-widget-container\">\n\t\t\t\t\t\t\t\t\t<div class=\"elementor-button-wrapper\">\n\t\t\t\t\t<a class=\"elementor-button elementor-button-link elementor-size-sm\" href=\"https:\/\/wedding-diaries.de\/contact\/\">\n\t\t\t\t\t\t<span class=\"elementor-button-content-wrapper\">\n\t\t\t\t\t\t<span class=\"elementor-button-icon\">\n\t\t\t\t<svg aria-hidden=\"true\" class=\"e-font-icon-svg e-far-envelope\" viewBox=\"0 0 512 512\" xmlns=\"http:\/\/www.w3.org\/2000\/svg\"><path d=\"M464 64H48C21.49 64 0 85.49 0 112v288c0 26.51 21.49 48 48 48h416c26.51 0 48-21.49 48-48V112c0-26.51-21.49-48-48-48zm0 48v40.805c-22.422 18.259-58.168 46.651-134.587 106.49-16.841 13.247-50.201 45.072-73.413 44.701-23.208.375-56.579-31.459-73.413-44.701C106.18 199.465 70.425 171.067 48 152.805V112h416zM48 400V214.398c22.914 18.251 55.409 43.862 104.938 82.646 21.857 17.205 60.134 55.186 103.062 54.955 42.717.231 80.509-37.199 103.053-54.947 49.528-38.783 82.032-64.401 104.947-82.653V400H48z\"><\/path><\/svg>\t\t\t<\/span>\n\t\t\t\t\t\t\t\t\t<span class=\"elementor-button-text\">Contact Us<\/span>\n\t\t\t\t\t<\/span>\n\t\t\t\t\t<\/a>\n\t\t\t\t<\/div>\n\t\t\t\t\t\t\t\t<\/div>\n\t\t\t\t<\/div>\n\t\t\t\t<\/div>\n\t\t<div class=\"elementor-element elementor-element-066cb19 e-con-full elementor-hidden-desktop elementor-hidden-tablet e-flex e-con e-parent\" data-id=\"066cb19\" data-element_type=\"container\" data-e-type=\"container\" data-settings=\"{&quot;background_background&quot;:&quot;classic&quot;}\">\n\t\t\t\t<div class=\"elementor-element elementor-element-f33d2bb elementor-widget__width-initial elementor-widget-mobile__width-initial elementor-widget elementor-widget-text-editor\" data-id=\"f33d2bb\" data-element_type=\"widget\" data-e-type=\"widget\" data-widget_type=\"text-editor.default\">\n\t\t\t\t<div class=\"elementor-widget-container\">\n\t\t\t\t\t\t\t\t\t<p><strong>We capture wedding stories that feel real, timeless, and full of emotion.<\/strong><\/p><p><strong>IS IT A MATCH? <\/strong><\/p>\t\t\t\t\t\t\t\t<\/div>\n\t\t\t\t<\/div>\n\t\t\t\t<div class=\"elementor-element elementor-element-1c37121 elementor-align-center elementor-widget__width-initial elementor-widget-mobile__width-initial elementor-widget elementor-widget-button\" data-id=\"1c37121\" data-element_type=\"widget\" data-e-type=\"widget\" data-widget_type=\"button.default\">\n\t\t\t\t<div class=\"elementor-widget-container\">\n\t\t\t\t\t\t\t\t\t<div class=\"elementor-button-wrapper\">\n\t\t\t\t\t<a class=\"elementor-button elementor-button-link elementor-size-sm\" href=\"https:\/\/wedding-diaries.de\/contact\/\">\n\t\t\t\t\t\t<span class=\"elementor-button-content-wrapper\">\n\t\t\t\t\t\t<span class=\"elementor-button-icon\">\n\t\t\t\t<svg aria-hidden=\"true\" class=\"e-font-icon-svg e-far-envelope\" viewBox=\"0 0 512 512\" xmlns=\"http:\/\/www.w3.org\/2000\/svg\"><path d=\"M464 64H48C21.49 64 0 85.49 0 112v288c0 26.51 21.49 48 48 48h416c26.51 0 48-21.49 48-48V112c0-26.51-21.49-48-48-48zm0 48v40.805c-22.422 18.259-58.168 46.651-134.587 106.49-16.841 13.247-50.201 45.072-73.413 44.701-23.208.375-56.579-31.459-73.413-44.701C106.18 199.465 70.425 171.067 48 152.805V112h416zM48 400V214.398c22.914 18.251 55.409 43.862 104.938 82.646 21.857 17.205 60.134 55.186 103.062 54.955 42.717.231 80.509-37.199 103.053-54.947 49.528-38.783 82.032-64.401 104.947-82.653V400H48z\"><\/path><\/svg>\t\t\t<\/span>\n\t\t\t\t\t\t\t\t\t<span class=\"elementor-button-text\">GET in TOUCH<\/span>\n\t\t\t\t\t<\/span>\n\t\t\t\t\t<\/a>\n\t\t\t\t<\/div>\n\t\t\t\t\t\t\t\t<\/div>\n\t\t\t\t<\/div>\n\t\t\t\t<\/div>\n\t\t\t\t<\/div>\n\t\t","protected":false},"excerpt":{"rendered":"<p>ABOUT US MOMENTS IN THE GLOW OF YOUR LOVED ONES In warmes Licht getaucht, umgeben von euren Liebsten \u2013 an einem Ort, der sich ganz nach euch anf\u00fchlt.Das sind die Momente, die wir f\u00fcr euch festhalten. Jeder Blick, jedes Lachen, jede stille Sekunde wird Teil eurer ganz eigenen Geschichte und bewahrt die besondere Stimmung dieses [&hellip;]<\/p>\n","protected":false},"author":1,"featured_media":0,"parent":0,"menu_order":0,"comment_status":"closed","ping_status":"closed","template":"","meta":{"ocean_post_layout":"","ocean_both_sidebars_style":"","ocean_both_sidebars_content_width":0,"ocean_both_sidebars_sidebars_width":0,"ocean_sidebar":"","ocean_second_sidebar":"","ocean_disable_margins":"enable","ocean_add_body_class":"","ocean_shortcode_before_top_bar":"","ocean_shortcode_after_top_bar":"","ocean_shortcode_before_header":"","ocean_shortcode_after_header":"","ocean_has_shortcode":"","ocean_shortcode_after_title":"","ocean_shortcode_before_footer_widgets":"","ocean_shortcode_after_footer_widgets":"","ocean_shortcode_before_footer_bottom":"","ocean_shortcode_after_footer_bottom":"","ocean_display_top_bar":"default","ocean_display_header":"default","ocean_header_style":"","ocean_center_header_left_menu":"","ocean_custom_header_template":"","ocean_custom_logo":0,"ocean_custom_retina_logo":0,"ocean_custom_logo_max_width":0,"ocean_custom_logo_tablet_max_width":0,"ocean_custom_logo_mobile_max_width":0,"ocean_custom_logo_max_height":0,"ocean_custom_logo_tablet_max_height":0,"ocean_custom_logo_mobile_max_height":0,"ocean_header_custom_menu":"","ocean_menu_typo_font_family":"","ocean_menu_typo_font_subset":"","ocean_menu_typo_font_size":0,"ocean_menu_typo_font_size_tablet":0,"ocean_menu_typo_font_size_mobile":0,"ocean_menu_typo_font_size_unit":"px","ocean_menu_typo_font_weight":"","ocean_menu_typo_font_weight_tablet":"","ocean_menu_typo_font_weight_mobile":"","ocean_menu_typo_transform":"","ocean_menu_typo_transform_tablet":"","ocean_menu_typo_transform_mobile":"","ocean_menu_typo_line_height":0,"ocean_menu_typo_line_height_tablet":0,"ocean_menu_typo_line_height_mobile":0,"ocean_menu_typo_line_height_unit":"","ocean_menu_typo_spacing":0,"ocean_menu_typo_spacing_tablet":0,"ocean_menu_typo_spacing_mobile":0,"ocean_menu_typo_spacing_unit":"","ocean_menu_link_color":"","ocean_menu_link_color_hover":"","ocean_menu_link_color_active":"","ocean_menu_link_background":"","ocean_menu_link_hover_background":"","ocean_menu_link_active_background":"","ocean_menu_social_links_bg":"","ocean_menu_social_hover_links_bg":"","ocean_menu_social_links_color":"","ocean_menu_social_hover_links_color":"","ocean_disable_title":"default","ocean_disable_heading":"default","ocean_post_title":"","ocean_post_subheading":"","ocean_post_title_style":"","ocean_post_title_background_color":"","ocean_post_title_background":0,"ocean_post_title_bg_image_position":"","ocean_post_title_bg_image_attachment":"","ocean_post_title_bg_image_repeat":"","ocean_post_title_bg_image_size":"","ocean_post_title_height":0,"ocean_post_title_bg_overlay":0.5,"ocean_post_title_bg_overlay_color":"","ocean_disable_breadcrumbs":"default","ocean_breadcrumbs_color":"","ocean_breadcrumbs_separator_color":"","ocean_breadcrumbs_links_color":"","ocean_breadcrumbs_links_hover_color":"","ocean_display_footer_widgets":"default","ocean_display_footer_bottom":"default","ocean_custom_footer_template":"","footnotes":""},"class_list":["post-1604","page","type-page","status-publish","hentry","entry"],"_links":{"self":[{"href":"https:\/\/www.wedding-diaries.de\/de\/wp-json\/wp\/v2\/pages\/1604","targetHints":{"allow":["GET"]}}],"collection":[{"href":"https:\/\/www.wedding-diaries.de\/de\/wp-json\/wp\/v2\/pages"}],"about":[{"href":"https:\/\/www.wedding-diaries.de\/de\/wp-json\/wp\/v2\/types\/page"}],"author":[{"embeddable":true,"href":"https:\/\/www.wedding-diaries.de\/de\/wp-json\/wp\/v2\/users\/1"}],"replies":[{"embeddable":true,"href":"https:\/\/www.wedding-diaries.de\/de\/wp-json\/wp\/v2\/comments?post=1604"}],"version-history":[{"count":5,"href":"https:\/\/www.wedding-diaries.de\/de\/wp-json\/wp\/v2\/pages\/1604\/revisions"}],"predecessor-version":[{"id":1965,"href":"https:\/\/www.wedding-diaries.de\/de\/wp-json\/wp\/v2\/pages\/1604\/revisions\/1965"}],"wp:attachment":[{"href":"https:\/\/www.wedding-diaries.de\/de\/wp-json\/wp\/v2\/media?parent=1604"}],"curies":[{"name":"wp","href":"https:\/\/api.w.org\/{rel}","templated":true}]}}